{"id":331,"date":"2023-04-03T05:43:22","date_gmt":"2023-04-03T05:43:22","guid":{"rendered":"https:\/\/staging.montreal.breakoutescapegame.com\/?page_id=331"},"modified":"2026-04-16T01:24:31","modified_gmt":"2026-04-16T01:24:31","slug":"reservation","status":"publish","type":"page","link":"https:\/\/montreal.breakoutescapegame.com\/fr\/reservation\/","title":{"rendered":"reservez"},"content":{"rendered":"<div class=\"brz brz-root__container brz-reset-all brz-root__container-page\" >\n<section id=\"gtqiwhjrkxzdpbftmqmsgeaqwesdenyaersx_gtqiwhjrkxzdpbftmqmsgeaqwesdenyaersx\" class=\"brz-section brz-css-d-section brz-css-sjw1p0\">\n<div class=\"brz-section__content brz-section--boxed brz-css-d-sectionitem-bg brz-css-mwjayn\" data-brz-custom-id=\"btzniehbriyzxpecszwrcfzkfgojihlimvvf\">\n<div class=\"brz-bg\">\n<div class=\"brz-bg-image\"><\/div>\n<\/div>\n<div class=\"brz-container brz-css-d-sectionitem-container brz-css-1sd7ajv\">\n<div id=\"\" class=\"brz-css-d-wrapper brz-css-r-wrapper brz-css-1fibodr brz-wrapper\">\n<div class=\"brz-spacer brz-css-d-spacer brz-css-jp7loa\"><\/div>\n<\/div>\n<\/div>\n<\/div>\n<\/section>\n<section id=\"dINoLUG1v2E9_dINoLUG1v2E9\" class=\"brz-section brz-css-d-section brz-css-s6szk4\">\n<div class=\"brz-section__content brz-section--fullWidth brz-css-d-sectionitem-bg brz-css-7sw961\" data-brz-custom-id=\"zhrG84SobAp1\">\n<div class=\"brz-bg\">\n<div class=\"brz-bg-color\"><\/div>\n<\/div>\n<div class=\"brz-container brz-css-d-sectionitem-container brz-css-t95fqp\">\n<div class=\"brz-row__container brz-css-d-row-row brz-css-13r6ypx\" data-brz-custom-id=\"uE9Ix6eFn5kx\">\n<div class=\"brz-row brz-css-d-row-container brz-css-r-row-container brz-css-1hjeewv\">\n<div class=\"brz-columns brz-css-d-column-column brz-css-qbcnvu\" data-brz-custom-id=\"rGE5OujiCulc\">\n<div class=\"brz-column__items brz-css-d-column-bg brz-css-h8ojyl\">\n<div class=\"brz-wrapper-clone brz-flex-xs-wrap brz-css-d-cloneable brz-css-tttlq2\" data-brz-custom-id=\"rqyP0_4btejH\"><a class=\"brz-a brz-anchor brz-btn brz-css-d-button brz-css-r5hedw brz-css-d-button-bg brz-css-u9z62z\" target=\"_self\" rel=\"noopener\" href=\"#lhaqctuycpgyatmxzmbaqcwxxqwufssihend_lhaqctuycpgyatmxzmbaqcwxxqwufssihend\" data-brz-link-type=\"anchor\" data-brz-custom-id=\"dmggcyUgKhCi\"><svg class=\"brz-icon-svg align-[initial] brz-css-d-button-icon brz-css-69etmj\"><use href=\"\/wp-content\/plugins\/brizy\/public\/editor-build\/prod\/editor\/icons\/glyph\/cursor-pointer.svg#nc_icon\"><\/use><\/svg><span data-brz-translate-text=\"1\" class=\"brz-span brz-text__editor\">jeux d\u2019\u00e9vasion\/ MISSION ESPION<br \/><\/span><\/a><\/div>\n<\/div>\n<\/div>\n<div class=\"brz-columns brz-css-d-column-column brz-css-gvla9z\" data-brz-custom-id=\"rBxaRDI_p1x3\">\n<div class=\"brz-column__items brz-css-d-column-bg brz-css-11qqu41\">\n<div class=\"brz-wrapper-clone brz-flex-xs-wrap brz-css-d-cloneable brz-css-1xj8jg5\" data-brz-custom-id=\"x7A_7ihcrAHY\"><a class=\"brz-a brz-anchor brz-btn brz-css-d-button brz-css-1olyeys brz-css-d-button-bg brz-css-1iau39u\" target=\"_self\" rel=\"noopener\" href=\"#c_dIqKyl9y_1_c_dIqKyl9y_1\" data-brz-link-type=\"anchor\" data-brz-custom-id=\"uMeGi5S0o7ie\"><svg class=\"brz-icon-svg align-[initial] brz-css-d-button-icon brz-css-1x39do8\"><use href=\"\/wp-content\/plugins\/brizy\/public\/editor-build\/prod\/editor\/icons\/glyph\/cursor-pointer.svg#nc_icon\"><\/use><\/svg><span data-brz-translate-text=\"1\" class=\"brz-span brz-text__editor\">Espions en Herbe<br \/><\/span><\/a><\/div>\n<\/div>\n<\/div>\n<\/div>\n<\/div>\n<\/div>\n<\/div>\n<\/section>\n<section id=\"Escape%20room\" data-brz-id=\"lhaqctuycpgyatmxzmbaqcwxxqwufssihend_lhaqctuycpgyatmxzmbaqcwxxqwufssihend\" class=\"brz-section brz-css-d-section brz-css-1nrwbsz\">\n<div class=\"brz-section__content brz-section--fullWidth brz-css-d-sectionitem-bg brz-css-8ipse\" data-brz-custom-id=\"kqouihqhnaakwljaxuubjxjemxpbkrkboqds\">\n<div class=\"brz-bg\">\n<div class=\"brz-bg-color\"><\/div>\n<\/div>\n<div class=\"brz-container brz-css-d-sectionitem-container brz-css-1excb7d\">\n<div id=\"\" class=\"brz-css-d-wrapper brz-css-1lg4kiq brz-wrapper\">\n<div class=\"brz-rich-text brz-rich-text__custom brz-css-d-richtext brz-css-11fisep\" data-brz-custom-id=\"jxhiiexcimorfodccsgdnigwjpknfuiajesb\">\n<div data-brz-translate-text=\"1\">\n<h1 class=\"brz-text-lg-center brz-lh-xs-1_6 brz-ls-xs-4 brz-fw-xs-300 brz-fss-xs-px brz-fs-xs-20 brz-tp-xs-empty brz-ls-sm-4 brz-fw-sm-300 brz-lh-sm-1_6 brz-fs-sm-19 brz-text-xs-center brz-mt-xs-0 brz-mb-xs-0 brz-tp-lg-empty brz-ff-tjorrcliserxhpnvbsstsxopwyloxjrbfozs brz-ft-upload brz-fs-lg-31 brz-fss-lg-px brz-fw-lg-400 brz-ls-lg-4 brz-lh-lg-1_5 brz-css-ixN_K\" data-generated-css=\"brz-css-mxXZy\" data-uniq-id=\"fw82D\"><span class=\"brz-capitalize-on brz-cp-color8\" style=\"background-color: transparent;\">R\u00e9servez d\u00e8s maintenanT<\/span><\/h1>\n<\/div>\n<\/div>\n<\/div>\n<div id=\"\" class=\"brz-css-d-wrapper brz-css-r-wrapper brz-css-yow08f brz-wrapper\">\n<div class=\"brz-spacer brz-css-d-spacer brz-css-18pnrkm\"><\/div>\n<\/div>\n<div id=\"\" class=\"brz-css-d-wrapper brz-css-mzrj86 brz-wrapper\">\n<div class=\"brz-rich-text brz-rich-text__custom brz-css-d-richtext brz-css-b2q0ol\" data-brz-custom-id=\"dpdqemvouqymrbegoasnpucnfwgescpspkwa\">\n<div data-brz-translate-text=\"1\">\n<p class=\"brz-ff-montserrat brz-ft-google brz-fs-lg-16 brz-fss-lg-px brz-fw-lg-400 brz-ls-lg-0_3 brz-lh-lg-1_8 brz-tp-lg-empty brz-tp-xs-empty brz-fs-xs-14 brz-fss-xs-px brz-fw-xs-400 brz-ls-xs-0_3 brz-lh-xs-1_8 brz-text-xs-center brz-fss-sm-px brz-fw-sm-400 brz-ls-sm-0_3 brz-lh-sm-1_8 brz-tp-sm-empty brz-fs-sm-13 brz-text-lg-center brz-css-vmM4J\" data-generated-css=\"brz-css-limmz\" data-uniq-id=\"khybp\"><span style=\"color: rgb(255, 235, 165); background-color: transparent;\">Nos 7 salles situ\u00e9es au Quartier Dix30 pr\u00e9sentent des sc\u00e9narios originaux, de diff\u00e9rents niveaux de difficult\u00e9s et unique. Il est temps de s\u2019\u00e9vader du confinement. Mettez vos comp\u00e9tences en r\u00e9solution d\u2019\u00e9nigmes de l\u2019avant afin d\u2019accomplir des missions r\u00e9alistes chez Breakout \u2013 Jeu d&rsquo;\u00e9vasion Surr\u00e9aliste. Passant d\u2019attraper un magicien ou de sauver l\u2019humanit\u00e9 de la noirceur totale, vous avez 60 minutes afin de compl\u00e9ter la t\u00e2che. Pouvez-vous battre la montre? R\u00e9servez d\u00e8s maintenant!!<\/span><\/p>\n<\/div>\n<\/div>\n<\/div>\n<div class=\"brz-row__container brz-css-d-row-row brz-css-15b6xqd\" data-brz-custom-id=\"bcrmmcddfmfnxgbhfchsxfuybzbuqwaitist\">\n<div class=\"brz-row brz-css-d-row-container brz-css-1p1mtif\">\n<div class=\"brz-columns brz-css-d-column-column brz-css-g95mpo\" data-brz-custom-id=\"asnhkpvylroqywhwggnftdnixrmezavlpcen\">\n<div class=\"brz-column__items brz-css-d-column-bg brz-css-1mern1f\">\n<div id=\"\" class=\"brz-css-d-wrapper brz-css-r-wrapper brz-css-1ivhkh2 brz-wrapper\">\n<div class=\"brz-spacer brz-css-d-spacer brz-css-162i52l\"><\/div>\n<\/div>\n<div id=\"\" class=\"brz-css-d-wrapper brz-css-kevygz brz-wrapper\">\n<div class=\"brz-embed-code brz-css-d-embedcode brz-css-1hrfhg7\" data-brz-custom-id=\"vleexogjykebrrczpacgxtavalsnbbdphywn\">\n<div class=\"brz-embed-content\">\n<div>\n<div id=\"resova-wrapper\"><\/div>\n<p><script>(function(d, s, id) {\nvar js, fjs = d.getElementsByTagName(s)[0];\nif (d.getElementById(id)) return;\njs = d.createElement(s); js.id = id;\njs.src = \"https:\/\/breakoutmontreal.resova.us\/widget\/category\/1\";\nfjs.parentNode.insertBefore(js, fjs);\n}(document, 'script', 'resova-pi'));\n<\/script><\/div>\n<\/div>\n<\/div>\n<\/div>\n<\/div>\n<\/div>\n<\/div>\n<\/div>\n<\/div>\n<\/div>\n<\/section>\n<section id=\"spy%20game%20jr\" data-brz-id=\"c_dIqKyl9y_1_c_dIqKyl9y_1\" class=\"brz-section brz-css-d-section brz-css-f0z4k\">\n<div class=\"brz-section__content brz-section--fullWidth brz-css-d-sectionitem-bg brz-css-154w5py\" data-brz-custom-id=\"lgBiN3NBgSHV\">\n<div class=\"brz-bg\">\n<div class=\"brz-bg-color\"><\/div>\n<\/div>\n<div class=\"brz-container brz-css-d-sectionitem-container brz-css-1ifsfmz\">\n<div class=\"brz-row__container brz-css-d-row-row brz-css-enbtf3\" data-brz-custom-id=\"epFW7RWEsZPr\">\n<div class=\"brz-row brz-css-d-row-container brz-css-r-row-container brz-css-r4okf0\">\n<div class=\"brz-columns brz-css-d-column-column brz-css-1vx4j99\" data-brz-custom-id=\"pA7yXkpK2a9q\">\n<div class=\"brz-column__items brz-css-d-column-bg brz-css-9fp8v6\">\n<div id=\"\" class=\"brz-css-d-wrapper brz-css-19pb0xm brz-wrapper\">\n<div class=\"brz-rich-text brz-rich-text__custom brz-css-d-richtext brz-css-6n5rin\" data-brz-custom-id=\"ajqTepznyeOf\">\n<div data-brz-translate-text=\"1\">\n<h1 class=\"brz-text-lg-center brz-lh-xs-1_6 brz-ls-xs-4 brz-fw-xs-300 brz-fss-xs-px brz-fs-xs-20 brz-tp-xs-empty brz-ls-sm-4 brz-fw-sm-300 brz-lh-sm-1_6 brz-fs-sm-19 brz-text-xs-center brz-mt-xs-0 brz-mb-xs-0 brz-tp-lg-empty brz-ff-tjorrcliserxhpnvbsstsxopwyloxjrbfozs brz-ft-upload brz-fs-lg-31 brz-fss-lg-px brz-fw-lg-400 brz-ls-lg-4 brz-lh-lg-1_5 brz-css-pcE7O\" data-generated-css=\"brz-css-phrM9\" data-uniq-id=\"rTZ9l\"><span class=\"brz-capitalize-on brz-cp-color2\" style=\"background-color: transparent; color: rgba(var(--brz-global-color2),1);\">Arrive bient\u00f4t <\/span><\/h1>\n<\/div>\n<\/div>\n<\/div>\n<\/div>\n<\/div>\n<\/div>\n<\/div>\n<\/div>\n<\/div>\n<\/section><\/div>\n<p><!-- version:1776302671 --><\/p>\n","protected":false},"excerpt":{"rendered":"<p>jeux d\u2019\u00e9vasion\/ MISSION ESPION Espions en Herbe R\u00e9servez d\u00e8s maintenanT Nos 7 salles situ\u00e9es au Quartier Dix30 pr\u00e9sentent des sc\u00e9narios originaux, de diff\u00e9rents niveaux de difficult\u00e9s et unique. Il est temps de s\u2019\u00e9vader du confinement. Mettez vos comp\u00e9tences en r\u00e9solution d\u2019\u00e9nigmes de l\u2019avant afin d\u2019accomplir des missions r\u00e9alistes chez Breakout \u2013 Jeu d&rsquo;\u00e9vasion Surr\u00e9aliste. Passant&hellip; <a class=\"more-link\" href=\"https:\/\/montreal.breakoutescapegame.com\/fr\/reservation\/\">Continue reading <span class=\"screen-reader-text\">reservez<\/span><\/a><\/p>\n","protected":false},"author":1,"featured_media":0,"parent":0,"menu_order":0,"comment_status":"closed","ping_status":"closed","template":"brizy-blank-template.php","meta":{"footnotes":""},"class_list":["post-331","page","type-page","status-publish","hentry","entry"],"brizy_media":[{"id":1082,"url":"https:\/\/montreal.breakoutescapegame.com\/wp-content\/uploads\/2023\/05\/Book-Page-Header.webp","name":"Book-Page-Header.webp","meta":{"brizy_attachment_uid":"wp-4ee1e39be34dd6ec76a417f71161b131.webp","brizy_post_uid":["d0873d8cf80bb205622e5599d2bafc07"]}},{"id":1746,"url":"https:\/\/montreal.breakoutescapegame.com\/wp-content\/uploads\/2023\/05\/Location-and-Contact-Page-Header.webp","name":"Location-and-Contact-Page-Header.webp","meta":{"brizy_attachment_uid":"wp-e854cd5af44894953827f064dc7ae0b0.webp","brizy_post_uid":["d0873d8cf80bb205622e5599d2bafc07"]}},{"id":3151,"url":"https:\/\/montreal.breakoutescapegame.com\/wp-content\/uploads\/2025\/12\/IMG_3740.jpg","name":"IMG_3740.jpg","meta":{"brizy_attachment_uid":"wp-56e8a9d63b1f3767d98a253a8c67d0a8.jpg","brizy_post_uid":["d0873d8cf80bb205622e5599d2bafc07","f47b5b36f7a44156711a3d09f2b20add"]}},{"id":3152,"url":"https:\/\/montreal.breakoutescapegame.com\/wp-content\/uploads\/2025\/12\/IMG_3741.jpg","name":"IMG_3741.jpg","meta":{"brizy_attachment_uid":"wp-a22e40363872492a121d934747c55c05.jpg","brizy_post_uid":["d0873d8cf80bb205622e5599d2bafc07"]}}],"_links":{"self":[{"href":"https:\/\/montreal.breakoutescapegame.com\/fr\/wp-json\/wp\/v2\/pages\/331","targetHints":{"allow":["GET"]}}],"collection":[{"href":"https:\/\/montreal.breakoutescapegame.com\/fr\/wp-json\/wp\/v2\/pages"}],"about":[{"href":"https:\/\/montreal.breakoutescapegame.com\/fr\/wp-json\/wp\/v2\/types\/page"}],"author":[{"embeddable":true,"href":"https:\/\/montreal.breakoutescapegame.com\/fr\/wp-json\/wp\/v2\/users\/1"}],"replies":[{"embeddable":true,"href":"https:\/\/montreal.breakoutescapegame.com\/fr\/wp-json\/wp\/v2\/comments?post=331"}],"version-history":[{"count":30,"href":"https:\/\/montreal.breakoutescapegame.com\/fr\/wp-json\/wp\/v2\/pages\/331\/revisions"}],"predecessor-version":[{"id":4450,"href":"https:\/\/montreal.breakoutescapegame.com\/fr\/wp-json\/wp\/v2\/pages\/331\/revisions\/4450"}],"wp:attachment":[{"href":"https:\/\/montreal.breakoutescapegame.com\/fr\/wp-json\/wp\/v2\/media?parent=331"}],"curies":[{"name":"wp","href":"https:\/\/api.w.org\/{rel}","templated":true}]}}