{"id":306,"date":"2023-04-03T05:36:48","date_gmt":"2023-04-03T05:36:48","guid":{"rendered":"https:\/\/staging.montreal.breakoutescapegame.com\/?page_id=306"},"modified":"2026-04-14T11:14:49","modified_gmt":"2026-04-14T11:14:49","slug":"prix","status":"publish","type":"page","link":"https:\/\/montreal.breakoutescapegame.com\/fr\/prix\/","title":{"rendered":"Prix"},"content":{"rendered":"<div class=\"brz brz-root__container brz-reset-all brz-root__container-page\">\n<section id=\"okmmxcwyofaqvzwsrwsgcufvvghnnzntargj_okmmxcwyofaqvzwsrwsgcufvvghnnzntargj\" class=\"brz-section brz-css-d-section brz-css-130of4m\">\n<div class=\"brz-section__content brz-section--boxed brz-css-d-sectionitem-bg brz-css-k1e453\" data-brz-custom-id=\"bfbxpoyotwllqpgcthzvonwluzmtwdwhxdpi\">\n<div class=\"brz-bg\">\n<div class=\"brz-bg-image\"><\/div>\n<\/div>\n<div class=\"brz-container brz-css-d-sectionitem-container brz-css-h4xmxl\">\n<div class=\"brz-row__container brz-css-d-row-row brz-css-upzqiz\" data-brz-custom-id=\"adhshnxqhtnspjuxpvoeheixeccnjjdwgzzr\">\n<div class=\"brz-row brz-css-d-row-container brz-css-1v0q5mp\">\n<div class=\"brz-columns brz-css-d-column-column brz-css-yk9yhn\" data-brz-custom-id=\"vmcwreahjepsycmgrlbusngwlqnbywtlbvun\">\n<div class=\"brz-column__items brz-css-d-column-bg brz-css-qgx6r7\">\n<div id=\"\" class=\"brz-css-d-wrapper brz-css-mk45kb brz-wrapper\">\n<div class=\"brz-rich-text brz-rich-text__custom brz-css-d-richtext brz-css-p5utxf\" data-brz-custom-id=\"cskcbxmqcyeswlmisdipnpnnlsrljxvfrlsz\">\n<div data-brz-translate-text=\"1\">\n<h1 class=\"brz-fs-xs-30 brz-tp-xs-empty brz-lh-xs-1_6 brz-ls-xs-4 brz-fw-xs-300 brz-fss-xs-px brz-lh-sm-1_6 brz-ls-sm-4 brz-fw-sm-300 brz-fss-sm-px brz-fs-sm-45 brz-tp-sm-empty brz-ff-tjorrcliserxhpnvbsstsxopwyloxjrbfozs brz-ft-upload brz-tp-lg-empty brz-text-xs-center brz-mt-xs-0 brz-mb-xs-0 ql-align-center brz-fs-lg-46 brz-fss-lg-px brz-fw-lg-400 brz-ls-lg-1 brz-lh-lg-1_3 brz-text-lg-center brz-css-tkIkY\" data-generated-css=\"brz-css-yz_D6\" data-uniq-id=\"dJvrk\"><span class=\"brz-cp-color8 brz-capitalize-on\" style=\"background-color: transparent\">PRIX<\/span><\/h1>\n<\/div>\n<\/div>\n<\/div>\n<div class=\"brz-row__container brz-css-d-row-row brz-css-q6bvyp\" data-brz-custom-id=\"slmbsbstggtmxvlelweyramhsnvjplrntmyr\">\n<div class=\"brz-row brz-row--inner brz-css-d-row-container brz-css-r-row-container brz-css-1g4n6lx\">\n<div class=\"brz-columns brz-css-d-column-column brz-css-aesbbq\" data-brz-custom-id=\"wusvoygfozebfcljiuvzwfflhprggpcdaodp\">\n<div class=\"brz-bg\">\n<div class=\"brz-bg-color\"><\/div>\n<\/div>\n<div class=\"brz-column__items brz-css-d-column-bg brz-css-1018vhq\">\n<div id=\"\" class=\"brz-css-d-wrapper brz-css-1t2rv3w brz-wrapper\">\n<div class=\"brz-rich-text brz-rich-text__custom brz-css-d-richtext brz-css-egi0og\" data-brz-custom-id=\"ifunnbjhzoedacvbrbijdmqvncxetqjvjvke\">\n<div data-brz-translate-text=\"1\">\n<h2 class=\"brz-lh-xs-1_6 brz-ls-xs-4 brz-fw-xs-300 brz-fss-xs-px brz-fs-xs-20 brz-tp-xs-empty brz-ls-sm-4 brz-fw-sm-300 brz-lh-sm-1_6 brz-fs-sm-19 brz-text-xs-center brz-mt-xs-0 brz-mb-xs-0 ql-align-center brz-text-lg-center brz-tp-lg-empty brz-ff-tjorrcliserxhpnvbsstsxopwyloxjrbfozs brz-ft-upload brz-fs-lg-36 brz-fss-lg-px brz-fw-lg-400 brz-ls-lg-1 brz-lh-lg-1_3 brz-css-gQrwi\" data-generated-css=\"brz-css-lztvx\" data-uniq-id=\"wgprz\"><span class=\"brz-capitalize-on\" style=\"background-color: transparent\">Prix par personne par chambre (plus taxes)<\/span><\/h2>\n<\/div>\n<\/div>\n<\/div>\n<\/div>\n<\/div>\n<\/div>\n<\/div>\n<div id=\"\" class=\"brz-css-d-wrapper brz-css-r-wrapper brz-css-1sdt57f brz-wrapper\">\n<div class=\"brz-spacer brz-css-d-spacer brz-css-1wz1kns\"><\/div>\n<\/div>\n<div class=\"brz-row__container brz-css-d-row-row brz-css-zwlkim\" data-brz-custom-id=\"bqdldxhixbnfhqiislxedlmcmpooscvleybi\">\n<div class=\"brz-row brz-row--inner brz-css-d-row-container brz-css-6iov0o\">\n<div class=\"brz-columns brz-css-d-column-column brz-css-772dxd\" data-brz-custom-id=\"jbkvapenbzhsgzipkpqbwyvdbicjataafxhn\">\n<div class=\"brz-bg\"><\/div>\n<div class=\"brz-column__items brz-css-d-column-bg brz-css-19a931f\">\n<div id=\"\" class=\"brz-css-d-wrapper brz-css-x5gmmi brz-wrapper\">\n<div class=\"brz-rich-text brz-rich-text__custom brz-css-d-richtext brz-css-1s3gya8\" data-brz-custom-id=\"oitrrdejxapqvtsuebczoqubjrfuqhlrmikc\">\n<div data-brz-translate-text=\"1\">\n<h3 class=\"brz-fs-xs-16 brz-tp-xs-empty brz-lh-xs-1_6 brz-ls-xs-4 brz-fw-xs-300 brz-fss-xs-px brz-lh-sm-1_6 brz-ls-sm-4 brz-fw-sm-300 brz-fss-sm-px brz-fs-sm-16 brz-tp-sm-empty brz-text-lg-center ql-align-center brz-mb-xs-0 brz-mt-xs-0 brz-text-xs-center brz-tp-lg-empty brz-ff-tjorrcliserxhpnvbsstsxopwyloxjrbfozs brz-ft-upload brz-fs-lg-31 brz-fss-lg-px brz-fw-lg-400 brz-ls-lg-1 brz-lh-lg-1_3 brz-css-a0WCz\" data-uniq-id=\"eiedt\" data-generated-css=\"brz-css-gfbqm\"><span class=\"brz-capitalize-on\" style=\"background-color: transparent\">12 ans et plus<\/span><\/h3>\n<\/div>\n<\/div>\n<\/div>\n<div id=\"\" class=\"brz-css-d-wrapper brz-css-1cgc7so brz-wrapper\">\n<div class=\"brz-rich-text brz-rich-text__custom brz-css-d-richtext brz-css-18hyfu7\" data-brz-custom-id=\"dyrzgndwptjpvfczndynfkoxvkmsupcoermc\">\n<div data-brz-translate-text=\"1\">\n<p class=\"brz-lh-xs-1 brz-ls-xs-1_5 brz-fw-xs-400 brz-fss-xs-px brz-fs-xs-60 brz-tp-xs-empty brz-lh-sm-1 brz-ls-sm-1_5 brz-fw-sm-400 brz-fss-sm-px brz-fs-sm-60 brz-tp-sm-empty brz-lh-lg-1 brz-ls-lg-1_5 brz-fw-lg-400 brz-fss-lg-px brz-fs-lg-73 brz-ft-google brz-ff-space_mono brz-tp-lg-empty brz-text-lg-center brz-css-aGq9_\" data-uniq-id=\"tejaJ\" data-generated-css=\"brz-css-kgZkH\"><span class=\"brz-cp-color8\" style=\"background-color: transparent\">34$<\/span><\/p>\n<\/div>\n<\/div>\n<\/div>\n<div id=\"\" class=\"brz-css-d-wrapper brz-css-1rrimfz brz-wrapper\">\n<div class=\"brz-rich-text brz-rich-text__custom brz-css-d-richtext brz-css-1ds47uq\" data-brz-custom-id=\"gqigfaonntfzttwwynhbmnscyroilbvmqinj\">\n<div data-brz-translate-text=\"1\">\n<p class=\"brz-text-lg-center brz-tp-lg-empty brz-ff-space_mono brz-ft-google brz-fs-lg-20 brz-fss-lg-px brz-fw-lg-400 brz-ls-lg-1_5 brz-lh-lg-1 brz-css-li8bq\" data-uniq-id=\"mrjul\" data-generated-css=\"brz-css-qcaip\"><span class=\"brz-cp-color8\" style=\"background-color: transparent\">+TAX<\/span><\/p>\n<\/div>\n<\/div>\n<\/div>\n<\/div>\n<\/div>\n<div class=\"brz-columns brz-css-d-column-column brz-css-hbzfki\" data-brz-custom-id=\"rhbzljalglriwovnnkxemamdyeqifhwrxolt\">\n<div class=\"brz-bg\"><\/div>\n<div class=\"brz-column__items brz-css-d-column-bg brz-css-obvu7f\">\n<div id=\"\" class=\"brz-css-d-wrapper brz-css-1gmiyzu brz-wrapper\">\n<div class=\"brz-rich-text brz-rich-text__custom brz-css-d-richtext brz-css-1ra7exf\" data-brz-custom-id=\"dxoujitfcwymgtrwrurkhuwyklgcrnmxmtdc\">\n<div data-brz-translate-text=\"1\">\n<h3 class=\"brz-fs-xs-16 brz-tp-xs-empty brz-lh-xs-1_6 brz-ls-xs-4 brz-fw-xs-300 brz-fss-xs-px brz-lh-sm-1_6 brz-ls-sm-4 brz-fw-sm-300 brz-fss-sm-px brz-fs-sm-16 brz-tp-sm-empty brz-text-lg-center ql-align-center brz-mb-xs-0 brz-mt-xs-0 brz-text-xs-center brz-tp-lg-empty brz-ff-tjorrcliserxhpnvbsstsxopwyloxjrbfozs brz-ft-upload brz-fs-lg-31 brz-fss-lg-px brz-fw-lg-400 brz-ls-lg-1 brz-lh-lg-1_3 brz-css-rZ21a\" data-uniq-id=\"jfjd0\" data-generated-css=\"brz-css-up7mt\"><span class=\"brz-capitalize-on\" style=\"background-color: transparent\">11 ans et moin <\/span><\/h3>\n<\/div>\n<\/div>\n<\/div>\n<div id=\"\" class=\"brz-css-d-wrapper brz-css-710eck brz-wrapper\">\n<div class=\"brz-rich-text brz-rich-text__custom brz-css-d-richtext brz-css-8y1j7y\" data-brz-custom-id=\"rqvbzgavwayrbkjdxxiiuacztraplydtqjsu\">\n<div data-brz-translate-text=\"1\">\n<p class=\"brz-lh-lg-1 brz-ls-lg-1_5 brz-fw-lg-400 brz-fss-lg-px brz-fs-lg-73 brz-ft-google brz-ff-space_mono brz-tp-lg-empty brz-text-lg-center brz-tp-sm-empty brz-fs-sm-60 brz-fss-sm-px brz-fw-sm-400 brz-ls-sm-1_5 brz-lh-sm-1 brz-tp-xs-empty brz-fs-xs-60 brz-fss-xs-px brz-fw-xs-400 brz-ls-xs-1_5 brz-lh-xs-1 brz-css-tQNs2\" data-uniq-id=\"idnhg\" data-generated-css=\"brz-css-tzmxz\"><span class=\"brz-cp-color8\" style=\"background-color: transparent\">26$<\/span><\/p>\n<\/div>\n<\/div>\n<\/div>\n<div id=\"\" class=\"brz-css-d-wrapper brz-css-1riahql brz-wrapper\">\n<div class=\"brz-rich-text brz-rich-text__custom brz-css-d-richtext brz-css-1mbyy9b\" data-brz-custom-id=\"rrfpjeklllethammfvkytvyedxlooewmmnha\">\n<div data-brz-translate-text=\"1\">\n<p class=\"brz-text-lg-center brz-tp-lg-empty brz-ff-space_mono brz-ft-google brz-fs-lg-20 brz-fss-lg-px brz-fw-lg-400 brz-ls-lg-1_5 brz-lh-lg-1 brz-css-yx9w5\" data-uniq-id=\"mrjul\" data-generated-css=\"brz-css-qcaip\"><span class=\"brz-cp-color8\" style=\"background-color: transparent\">+TAX<\/span><\/p>\n<\/div>\n<\/div>\n<\/div>\n<\/div>\n<\/div>\n<div class=\"brz-columns brz-css-d-column-column brz-css-hvt9uw\" data-brz-custom-id=\"wmgnhbkixblojiggiispnvavbklwtjijdtrl\">\n<div class=\"brz-bg\"><\/div>\n<div class=\"brz-column__items brz-css-d-column-bg brz-css-102xxt9\">\n<div id=\"\" class=\"brz-css-d-wrapper brz-css-9vkjme brz-wrapper\">\n<div class=\"brz-rich-text brz-rich-text__custom brz-css-d-richtext brz-css-14rbs29\" data-brz-custom-id=\"pzymqvyykcuxovntkfmmgdcipsosiqgxozrb\">\n<div data-brz-translate-text=\"1\">\n<h3 class=\"brz-text-lg-center ql-align-center brz-mb-xs-0 brz-mt-xs-0 brz-text-xs-center brz-tp-lg-empty brz-ff-tjorrcliserxhpnvbsstsxopwyloxjrbfozs brz-ft-upload brz-fs-lg-31 brz-fss-lg-px brz-fw-lg-400 brz-ls-lg-1 brz-lh-lg-1_3 brz-tp-sm-empty brz-fs-sm-16 brz-fss-sm-px brz-fw-sm-300 brz-ls-sm-4 brz-lh-sm-1_6 brz-fss-xs-px brz-fw-xs-300 brz-ls-xs-4 brz-lh-xs-1_6 brz-tp-xs-empty brz-fs-xs-16 brz-css-uNb1p\" data-uniq-id=\"oZsdt\" data-generated-css=\"brz-css-zqFXh\"><span class=\"brz-capitalize-on\" style=\"background-color: transparent\"> 5 ans et moin<\/span><\/h3>\n<\/div>\n<\/div>\n<\/div>\n<div id=\"\" class=\"brz-css-d-wrapper brz-css-1fv52zu brz-wrapper\">\n<div class=\"brz-rich-text brz-rich-text__custom brz-css-d-richtext brz-css-i8hnrj\" data-brz-custom-id=\"dyxiyznhlqkaqfrpozvtbuecnmysvmdqxpqq\">\n<div data-brz-translate-text=\"1\">\n<p class=\"brz-text-lg-center brz-tp-lg-empty brz-ff-space_mono brz-ft-google brz-fs-lg-54 brz-fss-lg-px brz-fw-lg-400 brz-ls-lg-1_5 brz-lh-lg-1 brz-tp-sm-empty brz-fs-sm-30 brz-fss-sm-px brz-fw-sm-400 brz-ls-sm-1_5 brz-lh-sm-1 brz-tp-xs-empty brz-fs-xs-45 brz-fss-xs-px brz-fw-xs-400 brz-ls-xs-1_5 brz-lh-xs-1 brz-vfw-xs-400 brz-fwdth-xs-100 brz-fsft-xs-0 brz-css-dQRr8\" data-generated-css=\"brz-css-sL9Jk\" data-uniq-id=\"brA6u\"><span class=\"brz-cp-color8\" style=\"background-color: transparent\">Gratuit<\/span><\/p>\n<\/div>\n<\/div>\n<\/div>\n<div id=\"\" class=\"brz-css-d-wrapper brz-css-qxp3au brz-wrapper\">\n<div class=\"brz-rich-text brz-rich-text__custom brz-css-d-richtext brz-css-474681\" data-brz-custom-id=\"lchzphmnnknzchxkqpyfowxaywawkzhycizl\">\n<div data-brz-translate-text=\"1\">\n<p class=\"brz-text-lg-center brz-tp-lg-empty brz-ff-space_mono brz-ft-google brz-fs-lg-14 brz-fss-lg-px brz-fw-lg-400 brz-ls-lg-1_5 brz-lh-lg-1_3 brz-css-lkEZG\" data-uniq-id=\"tiwgw\" data-generated-css=\"brz-css-tjudg\"><span class=\"brz-cp-color8\" style=\"background-color: transparent\">si accompagn\u00e9 par un adulte payant, par enfant.<\/span><\/p>\n<p class=\"brz-text-lg-center brz-tp-lg-empty brz-ff-space_mono brz-ft-google brz-fs-lg-14 brz-fss-lg-px brz-fw-lg-400 brz-ls-lg-1_5 brz-lh-lg-1_3 brz-css-nMr52\" data-uniq-id=\"gllzx\" data-generated-css=\"brz-css-rpbbu\"><span class=\"brz-cp-color8\" style=\"background-color: transparent\"> <\/span><\/p>\n<p class=\"brz-text-lg-center brz-tp-lg-empty brz-ff-space_mono brz-ft-google brz-fs-lg-14 brz-fss-lg-px brz-fw-lg-400 brz-ls-lg-1_5 brz-lh-lg-1_3 brz-css-gd1_D\" data-uniq-id=\"vydmn\" data-generated-css=\"brz-css-cmbhz\"><strong style=\"background-color: transparent\">*Preuve d&rsquo;indentit\u00e9&nbsp;\u00e0 l&rsquo;appuie (comprenant la date de naissance)<\/strong><\/p>\n<\/div>\n<\/div>\n<\/div>\n<\/div>\n<\/div>\n<\/div>\n<\/div>\n<div class=\"brz-wrapper-clone brz-flex-xs-wrap brz-css-d-cloneable brz-css-3ndp9a\" data-brz-custom-id=\"skvvsvaktdraorjfthmfyxvhquxybvpwjlhr\"><a class=\"brz-a brz-btn brz-css-d-button brz-css-qhebez brz-css-d-button-bg brz-css-1msjd9w\" target=\"_self\" rel=\"noopener\" href=\"https:\/\/montreal.breakoutescapegame.com\/reservation\/\" data-brz-link-type=\"page\" data-brz-custom-id=\"jkqkjtnrmdmaldcokosmpvelitjkquyobuqb\"><span data-brz-translate-text=\"1\" class=\"brz-span brz-text__editor\">RESERVEZ MAINTENANT<\/span><\/a><\/div>\n<div class=\"brz-row__container brz-css-d-row-row brz-css-1xpswnq\" data-brz-custom-id=\"mwpjgyovdqixbqtjkijrsyitfrlvmjkvzkxn\">\n<div class=\"brz-row brz-row--inner brz-css-d-row-container brz-css-r-row-container brz-css-ky1e6m\">\n<div class=\"brz-columns brz-css-d-column-column brz-css-xmcljk\" data-brz-custom-id=\"kqxyrsaqsrwasbldgjsvnhbahxuxyinbklzy\">\n<div class=\"brz-bg\">\n<div class=\"brz-bg-color\"><\/div>\n<\/div>\n<div class=\"brz-column__items brz-css-d-column-bg brz-css-1m3eihn\">\n<div id=\"\" class=\"brz-css-d-wrapper brz-css-1eeolfs brz-wrapper\">\n<div class=\"brz-rich-text brz-rich-text__custom brz-css-d-richtext brz-css-ugwr9a\" data-brz-custom-id=\"wbxwmdprxpfbqzafastwrccfzkwgnmwplmug\">\n<div data-brz-translate-text=\"1\">\n<h2 class=\"brz-text-lg-center ql-align-center brz-mb-xs-0 brz-mt-xs-0 brz-text-xs-center brz-tp-lg-empty brz-ff-tjorrcliserxhpnvbsstsxopwyloxjrbfozs brz-ft-upload brz-fs-lg-18 brz-fss-lg-px brz-fw-lg-400 brz-ls-lg-1 brz-lh-lg-1_3 brz-tp-xs-empty brz-fs-xs-15 brz-fss-xs-px brz-fw-xs-300 brz-ls-xs-1_1 brz-lh-xs-1_5 brz-fss-sm-px brz-fw-sm-300 brz-ls-sm-1_5 brz-lh-sm-1_6 brz-tp-sm-empty brz-fs-sm-15 brz-css-xyE8b\" data-uniq-id=\"grifa\" data-generated-css=\"brz-css-hynyl\"><span style=\"background-color: transparent\">N&rsquo;oubliez pas d&rsquo;entrer la promotion \u00ab\u00a0BIRTHDAY\u00a0\u00bb si votre anniversaire tombe le m\u00eame jour que votre r\u00e9servation. \u00c0 noter que nous demanderons une pi\u00e8ce d&rsquo;identit\u00e9 sur place.<\/span><\/h2>\n<\/div>\n<\/div>\n<\/div>\n<\/div>\n<\/div>\n<\/div>\n<\/div>\n<div id=\"\" class=\"brz-css-d-wrapper brz-css-r-wrapper brz-css-11v9b43 brz-wrapper\">\n<div class=\"brz-spacer brz-css-d-spacer brz-css-1o3iirf\"><\/div>\n<\/div>\n<div class=\"brz-row__container brz-css-d-row-row brz-css-8qkuyn\" data-brz-custom-id=\"kbptywujfvqbvailewiemjrwhvyiuprujfwu\">\n<div class=\"brz-row brz-row--inner brz-css-d-row-container brz-css-1tm3hjs\">\n<div class=\"brz-columns brz-css-d-column-column brz-css-1q8mggu\" data-brz-custom-id=\"wqjeehxuribuymtnyddixpdvnvsyyjgjkume\">\n<div class=\"brz-bg\"><\/div>\n<div class=\"brz-column__items brz-css-d-column-bg brz-css-u5pq8e\">\n<div id=\"\" class=\"brz-css-d-wrapper brz-css-15yyo7c brz-wrapper\">\n<div class=\"brz-rich-text brz-rich-text__custom brz-css-d-richtext brz-css-1ds93c5\" data-brz-custom-id=\"cjelkvedgasiscnsmygjkjfhrwymyqlvbdfm\">\n<div data-brz-translate-text=\"1\">\n<p class=\"brz-lh-xs-1_5 brz-ls-xs-1_5 brz-fw-xs-400 brz-fss-xs-px brz-fs-xs-14 brz-tp-xs-empty brz-text-lg-center brz-fss-sm-px brz-fw-sm-400 brz-ls-sm-1_5 brz-lh-sm-1_5 brz-tp-sm-empty brz-fs-sm-14 brz-fss-lg-px brz-fw-lg-400 brz-ls-lg-1_5 brz-lh-lg-1_5 brz-tp-lg-empty brz-ff-space_mono brz-ft-google brz-fs-lg-18 brz-css-j8X2c\" data-generated-css=\"brz-css-mrlaz\" data-uniq-id=\"rghqp\"><span class=\"brz-cp-color8\" style=\"background-color: transparent\">Min joueurs par chambre est 4<\/span><\/p>\n<\/div>\n<\/div>\n<\/div>\n<\/div>\n<\/div>\n<div class=\"brz-columns brz-css-d-column-column brz-css-1bzrafz\" data-brz-custom-id=\"antlhpdiwdcnbfnhjkdstvzvvdmjuqjtlacy\">\n<div class=\"brz-bg\"><\/div>\n<div class=\"brz-column__items brz-css-d-column-bg brz-css-26wiwj\">\n<div id=\"\" class=\"brz-css-d-wrapper brz-css-18wnxj2 brz-wrapper\">\n<div class=\"brz-rich-text brz-rich-text__custom brz-css-d-richtext brz-css-161g46h\" data-brz-custom-id=\"wceuenskkghtqwfrmljjerlhkrhgulmdlddf\">\n<div data-brz-translate-text=\"1\">\n<p class=\"brz-lh-xs-1_5 brz-ls-xs-1_5 brz-fw-xs-400 brz-fss-xs-px brz-fs-xs-14 brz-tp-xs-empty brz-lh-sm-1_5 brz-ls-sm-1_5 brz-fw-sm-400 brz-fss-sm-px brz-fs-sm-14 brz-tp-sm-empty brz-text-lg-center brz-fss-lg-px brz-fw-lg-400 brz-ls-lg-1_5 brz-lh-lg-1_5 brz-tp-lg-empty brz-ff-space_mono brz-ft-google brz-fs-lg-18 brz-css-w6_v0\" data-generated-css=\"brz-css-qboky\" data-uniq-id=\"yefpz\"><span class=\"brz-cp-color8\" style=\"background-color: transparent\">Max joueurs par chambre est 8<\/span><\/p>\n<\/div>\n<\/div>\n<\/div>\n<\/div>\n<\/div>\n<\/div>\n<\/div>\n<div id=\"\" class=\"brz-css-d-wrapper brz-css-r-wrapper brz-css-1owsnpe brz-wrapper\">\n<div class=\"brz-spacer brz-css-d-spacer brz-css-pfjy4i\"><\/div>\n<\/div>\n<\/div>\n<\/div>\n<\/div>\n<\/div>\n<\/div>\n<\/div>\n<\/section><\/div>\n<p><!-- version:1775880750 --><\/p>\n","protected":false},"excerpt":{"rendered":"<p>PRIX Prix par personne par chambre (plus taxes) 12 ans et plus 34$ +TAX 11 ans et moin 26$ +TAX 5 ans et moin Gratuit si accompagn\u00e9 par un adulte payant, par enfant. *Preuve d&rsquo;indentit\u00e9&nbsp;\u00e0 l&rsquo;appuie (comprenant la date de naissance) RESERVEZ MAINTENANT N&rsquo;oubliez pas d&rsquo;entrer la promotion \u00ab\u00a0BIRTHDAY\u00a0\u00bb si votre anniversaire tombe le m\u00eame&hellip; <a class=\"more-link\" href=\"https:\/\/montreal.breakoutescapegame.com\/fr\/prix\/\">Continue reading <span class=\"screen-reader-text\">Prix<\/span><\/a><\/p>\n","protected":false},"author":1,"featured_media":0,"parent":0,"menu_order":0,"comment_status":"closed","ping_status":"closed","template":"brizy-blank-template.php","meta":{"footnotes":""},"class_list":["post-306","page","type-page","status-publish","hentry","entry"],"brizy_media":[{"id":1177,"url":"https:\/\/montreal.breakoutescapegame.com\/wp-content\/uploads\/2023\/05\/Price-Page-BG-Web-scaled.webp","name":"Price-Page-BG-Web.webp","meta":{"brizy_attachment_uid":"wp-2e46dc5d6ae05f72799f23b7c7329cc3.webp","brizy_post_uid":["dcd91baa0dacc119d0d79a8d1a70c49b"]}},{"id":2026,"url":"https:\/\/montreal.breakoutescapegame.com\/wp-content\/uploads\/2023\/05\/The-Woods.gif","name":"The-Woods.gif","meta":{"brizy_attachment_uid":"wp-edfa62b880e3a83f8c6c34eb963871cd.gif","brizy_post_uid":["dcd91baa0dacc119d0d79a8d1a70c49b"]}}],"_links":{"self":[{"href":"https:\/\/montreal.breakoutescapegame.com\/fr\/wp-json\/wp\/v2\/pages\/306","targetHints":{"allow":["GET"]}}],"collection":[{"href":"https:\/\/montreal.breakoutescapegame.com\/fr\/wp-json\/wp\/v2\/pages"}],"about":[{"href":"https:\/\/montreal.breakoutescapegame.com\/fr\/wp-json\/wp\/v2\/types\/page"}],"author":[{"embeddable":true,"href":"https:\/\/montreal.breakoutescapegame.com\/fr\/wp-json\/wp\/v2\/users\/1"}],"replies":[{"embeddable":true,"href":"https:\/\/montreal.breakoutescapegame.com\/fr\/wp-json\/wp\/v2\/comments?post=306"}],"version-history":[{"count":30,"href":"https:\/\/montreal.breakoutescapegame.com\/fr\/wp-json\/wp\/v2\/pages\/306\/revisions"}],"predecessor-version":[{"id":3833,"href":"https:\/\/montreal.breakoutescapegame.com\/fr\/wp-json\/wp\/v2\/pages\/306\/revisions\/3833"}],"wp:attachment":[{"href":"https:\/\/montreal.breakoutescapegame.com\/fr\/wp-json\/wp\/v2\/media?parent=306"}],"curies":[{"name":"wp","href":"https:\/\/api.w.org\/{rel}","templated":true}]}}